{"id":225,"date":"2021-09-10T23:18:15","date_gmt":"2021-09-10T23:18:15","guid":{"rendered":"https:\/\/bondiacomunicacio.com\/web\/?page_id=225"},"modified":"2021-09-13T13:55:44","modified_gmt":"2021-09-13T13:55:44","slug":"quienes-somos","status":"publish","type":"page","link":"https:\/\/bondiacomunicacio.com\/web\/quienes-somos\/","title":{"rendered":"Qui\u00e9nes somos"},"content":{"rendered":"\t\t<div data-elementor-type=\"wp-page\" data-elementor-id=\"225\" class=\"elementor elementor-225\">\n\t\t\t\t\t\t\t\t\t<section class=\"elementor-section elementor-top-section elementor-element elementor-element-e08c0df elementor-section-boxed elementor-section-height-default elementor-section-height-default\" data-id=\"e08c0df\" data-element_type=\"section\" data-settings=\"{&quot;background_background&quot;:&quot;classic&quot;}\">\n\t\t\t\t\t\t<div class=\"elementor-container elementor-column-gap-wider\">\n\t\t\t\t\t<div class=\"elementor-column elementor-col-50 elementor-top-column elementor-element elementor-element-b4e9da9\" data-id=\"b4e9da9\" data-element_type=\"column\">\n\t\t\t<div class=\"elementor-widget-wrap elementor-element-populated\">\n\t\t\t\t\t\t\t\t<div class=\"elementor-element elementor-element-16dd4fd elementor-widget elementor-widget-heading\" data-id=\"16dd4fd\" data-element_type=\"widget\" data-widget_type=\"heading.default\">\n\t\t\t\t<div class=\"elementor-widget-container\">\n\t\t\t<style>\/*! elementor - v3.6.0 - 21-03-2022 *\/\n.elementor-heading-title{padding:0;margin:0;line-height:1}.elementor-widget-heading .elementor-heading-title[class*=elementor-size-]>a{color:inherit;font-size:inherit;line-height:inherit}.elementor-widget-heading .elementor-heading-title.elementor-size-small{font-size:15px}.elementor-widget-heading .elementor-heading-title.elementor-size-medium{font-size:19px}.elementor-widget-heading .elementor-heading-title.elementor-size-large{font-size:29px}.elementor-widget-heading .elementor-heading-title.elementor-size-xl{font-size:39px}.elementor-widget-heading .elementor-heading-title.elementor-size-xxl{font-size:59px}<\/style><h1 class=\"elementor-heading-title elementor-size-xxl\">Qui\u00e9nes somos<\/h1>\t\t<\/div>\n\t\t\t\t<\/div>\n\t\t\t\t<div class=\"elementor-element elementor-element-5b489e6 elementor-aspect-ratio-169 elementor-widget elementor-widget-video\" data-id=\"5b489e6\" data-element_type=\"widget\" data-settings=\"{&quot;video_type&quot;:&quot;hosted&quot;,&quot;autoplay&quot;:&quot;yes&quot;,&quot;play_on_mobile&quot;:&quot;yes&quot;,&quot;loop&quot;:&quot;yes&quot;,&quot;mute&quot;:&quot;yes&quot;,&quot;aspect_ratio&quot;:&quot;169&quot;}\" data-widget_type=\"video.default\">\n\t\t\t\t<div class=\"elementor-widget-container\">\n\t\t\t<style>\/*! elementor - v3.6.0 - 21-03-2022 *\/\n.elementor-widget-video .elementor-widget-container{overflow:hidden;-webkit-transform:translateZ(0);transform:translateZ(0)}.elementor-widget-video .elementor-open-inline .elementor-custom-embed-image-overlay{position:absolute;top:0;left:0;width:100%;height:100%;background-size:cover;background-position:50%}.elementor-widget-video .elementor-custom-embed-image-overlay{cursor:pointer;text-align:center}.elementor-widget-video .elementor-custom-embed-image-overlay:hover .elementor-custom-embed-play i{opacity:1}.elementor-widget-video .elementor-custom-embed-image-overlay img{display:block;width:100%}.elementor-widget-video .e-hosted-video .elementor-video{-o-object-fit:cover;object-fit:cover}<\/style>\t\t<div class=\"e-hosted-video elementor-wrapper elementor-fit-aspect-ratio elementor-open-inline\">\n\t\t\t\t\t<video class=\"elementor-video\" src=\"https:\/\/bondiacomunicacio.com\/web\/wp-content\/uploads\/2021\/09\/bobina-2016.mp4\" autoplay=\"\" loop=\"\" muted=\"muted\" playsinline=\"\" controlsList=\"nodownload\"><\/video>\n\t\t\t\t<\/div>\n\t\t\t\t<\/div>\n\t\t\t\t<\/div>\n\t\t\t\t\t<\/div>\n\t\t<\/div>\n\t\t\t\t<div class=\"elementor-column elementor-col-50 elementor-top-column elementor-element elementor-element-fd27f96\" data-id=\"fd27f96\" data-element_type=\"column\" data-settings=\"{&quot;background_background&quot;:&quot;classic&quot;}\">\n\t\t\t<div class=\"elementor-widget-wrap elementor-element-populated\">\n\t\t\t\t\t\t\t\t<div class=\"elementor-element elementor-element-4974caf elementor-widget elementor-widget-text-editor\" data-id=\"4974caf\" data-element_type=\"widget\" data-widget_type=\"text-editor.default\">\n\t\t\t\t<div class=\"elementor-widget-container\">\n\t\t\t<style>\/*! elementor - v3.6.0 - 21-03-2022 *\/\n.elementor-widget-text-editor.elementor-drop-cap-view-stacked .elementor-drop-cap{background-color:#818a91;color:#fff}.elementor-widget-text-editor.elementor-drop-cap-view-framed .elementor-drop-cap{color:#818a91;border:3px solid;background-color:transparent}.elementor-widget-text-editor:not(.elementor-drop-cap-view-default) .elementor-drop-cap{margin-top:8px}.elementor-widget-text-editor:not(.elementor-drop-cap-view-default) .elementor-drop-cap-letter{width:1em;height:1em}.elementor-widget-text-editor .elementor-drop-cap{float:left;text-align:center;line-height:1;font-size:50px}.elementor-widget-text-editor .elementor-drop-cap-letter{display:inline-block}<\/style>\t\t\t\t<p>Fundada en 2008 por profesionales de la televisi\u00f3n con una larga experiencia en el sector audiovisual valenciano. Desde sus inicios, <strong>Bon D\u00eda Comunicaci\u00f3<\/strong> se ha especializado en v\u00eddeo marketing y web-tv.<br \/>Hemos realizado v\u00eddeos para empresas del sector cooperativista como Anecoop, Consum, Caixa Popular y la Confederaci\u00f3n de Cooperativas de la Comunidad Valenciana con la que colabora cada a\u00f1o realizando v\u00eddeos de las empresas que se premian el D\u00eda Mundial del Cooperativismo.<\/p><p>Por otra parte, puso en marcha hace doce a\u00f1os junto al Consejo de Enfermer\u00eda de la Comunidad Valenciana, la primera televisi\u00f3n de internet especializada en temas sanitarios, <strong><a title=\"Ver Canal\" href=\"https:\/\/www.youtube.com\/user\/CecovaTV\" target=\"_blank\" rel=\"noopener\">CECOVA TV<\/a><\/strong>. Desde entonces, nos encargamos de la televisi\u00f3n de los profesionales de enfermer\u00eda de la Comunidad Valenciana.<\/p><p>La productora ha Desarrollado y producido tamb\u00e9 Diferentes formatos de televisi\u00f3n por canales convencionales como &#8220;A partir de piedra&#8221;, un programa de promoci\u00f3n tur\u00edstica emitido por Levante TV y diversas televisiones locales, el programa de cocina &#8220;El Xef a casa&#8221; un reality donde se mezcla el humor y la cocina, y del que se han realizado dos temporadas para \u00c0 Punt y &#8220;Entre bastidors&#8221; programa cultural con el objetivo de mostrar al p\u00fablico la parte menos conocida de las creaciones art\u00edsticas de los profesionales valencianos, mirando detr\u00e1s del tel\u00f3n y mostrando el punto de vista de sus creadores.<\/p><p>En el \u00c1mbito de la publicidad hemos realizado diferentes v\u00eddeos publicitarios tanto para empresas privadas de \u00c1mbito nacional e internacional, como Sixt Rent a Car, Grupo Etra, lmportaco, Randstad, Trasmediterr\u00e1nea, DHL, Citroen Espa\u00f1a o Panasonic como tambi\u00e9n marketing pol\u00edtico para Partidos locales y auton\u00f3micos como Comprom\u00eds, PSOE, Unidos x Valencia, PP y EU, m\u00e1s campa\u00f1as institucionales para la Diputaci\u00f3n de Val\u00e8ncia, Corts Valencianes y diferentes corporaciones municipales.<\/p><p>El desarrollo de nuevos flujos de Trabajo digital y formatos para las nuevas plataformas comunicativas y sociales, Ayudando a las marcas a\u00a0 diferenciarse de la competencia y cuidar de su reputaci\u00f3n digital.<\/p><p>Nuestro trabajo se caracteriza por su proximidad y calidad.<\/p>\t\t\t\t\t\t<\/div>\n\t\t\t\t<\/div>\n\t\t\t\t\t<\/div>\n\t\t<\/div>\n\t\t\t\t\t\t\t<\/div>\n\t\t<\/section>\n\t\t\t\t\t\t\t<\/div>\n\t\t","protected":false},"excerpt":{"rendered":"<p>Qui\u00e9nes somos https:\/\/bondiacomunicacio.com\/web\/wp-content\/uploads\/2021\/09\/bobina-2016.mp4 Fundada en 2008 por profesionales de la televisi\u00f3n con una larga experiencia en el sector audiovisual valenciano. Desde sus inicios, Bon D\u00eda Comunicaci\u00f3 se ha especializado en v\u00eddeo marketing y web-tv. Hemos realizado v\u00eddeos para empresas del [&hellip;]<\/p>\n","protected":false},"author":1,"featured_media":159,"parent":0,"menu_order":0,"comment_status":"closed","ping_status":"closed","template":"elementor_theme","meta":{"footnotes":""},"aioseo_notices":[],"_links":{"self":[{"href":"https:\/\/bondiacomunicacio.com\/web\/wp-json\/wp\/v2\/pages\/225"}],"collection":[{"href":"https:\/\/bondiacomunicacio.com\/web\/wp-json\/wp\/v2\/pages"}],"about":[{"href":"https:\/\/bondiacomunicacio.com\/web\/wp-json\/wp\/v2\/types\/page"}],"author":[{"embeddable":true,"href":"https:\/\/bondiacomunicacio.com\/web\/wp-json\/wp\/v2\/users\/1"}],"replies":[{"embeddable":true,"href":"https:\/\/bondiacomunicacio.com\/web\/wp-json\/wp\/v2\/comments?post=225"}],"version-history":[{"count":97,"href":"https:\/\/bondiacomunicacio.com\/web\/wp-json\/wp\/v2\/pages\/225\/revisions"}],"predecessor-version":[{"id":345,"href":"https:\/\/bondiacomunicacio.com\/web\/wp-json\/wp\/v2\/pages\/225\/revisions\/345"}],"wp:featuredmedia":[{"embeddable":true,"href":"https:\/\/bondiacomunicacio.com\/web\/wp-json\/wp\/v2\/media\/159"}],"wp:attachment":[{"href":"https:\/\/bondiacomunicacio.com\/web\/wp-json\/wp\/v2\/media?parent=225"}],"curies":[{"name":"wp","href":"https:\/\/api.w.org\/{rel}","templated":true}]}}